{"id":118,"date":"2023-08-23T13:50:28","date_gmt":"2023-08-23T11:50:28","guid":{"rendered":"https:\/\/cap-ou-kpi.5-pixels.fr\/?page_id=118"},"modified":"2023-08-25T16:19:07","modified_gmt":"2023-08-25T14:19:07","slug":"recevoir-une-demonstration","status":"publish","type":"page","link":"https:\/\/cap-ou-kpi.5-pixels.fr\/index.php\/recevoir-une-demonstration\/","title":{"rendered":"Recevoir une d\u00e9monstration"},"content":{"rendered":"<p>[et_pb_section fb_built=\u00a0\u00bb1&Prime; custom_padding_last_edited=\u00a0\u00bbon|desktop\u00a0\u00bb admin_label=\u00a0\u00bbHeader\u00a0\u00bb _builder_version=\u00a0\u00bb4.21.0&Prime; _module_preset=\u00a0\u00bbdefault\u00a0\u00bb background_color=\u00a0\u00bb#5591E9&Prime; background_image=\u00a0\u00bbhttps:\/\/cap-ou-kpi.5-pixels.fr\/wp-content\/uploads\/2023\/07\/data-science-067.png\u00a0\u00bb background_position=\u00a0\u00bbbottom_center\u00a0\u00bb custom_padding=\u00a0\u00bb33px||33px||true|\u00a0\u00bb custom_padding_tablet=\u00a0\u00bb40px||40px||true|false\u00a0\u00bb custom_padding_phone=\u00a0\u00bb\u00a0\u00bb background_last_edited=\u00a0\u00bboff|desktop\u00a0\u00bb locked=\u00a0\u00bboff\u00a0\u00bb global_colors_info=\u00a0\u00bb{}\u00a0\u00bb][et_pb_row _builder_version=\u00a0\u00bb4.21.0&Prime; _module_preset=\u00a0\u00bbdefault\u00a0\u00bb background_enable_color=\u00a0\u00bboff\u00a0\u00bb global_colors_info=\u00a0\u00bb{}\u00a0\u00bb][et_pb_column type=\u00a0\u00bb4_4&Prime; _builder_version=\u00a0\u00bb4.16&Prime; _module_preset=\u00a0\u00bbdefault\u00a0\u00bb background_color=\u00a0\u00bb#FFFFFF\u00a0\u00bb global_colors_info=\u00a0\u00bb{}\u00a0\u00bb][et_pb_text _builder_version=\u00a0\u00bb4.21.0&Prime; _module_preset=\u00a0\u00bbd72c0383-6487-4f2c-ac5c-7d48a6376757&Prime; text_text_color=\u00a0\u00bb#FFFFFF\u00a0\u00bb text_font_size=\u00a0\u00bb24px\u00a0\u00bb header_font=\u00a0\u00bbZen Kurenaido|700|||||||\u00a0\u00bb header_text_color=\u00a0\u00bb#FFFFFF\u00a0\u00bb header_font_size=\u00a0\u00bb80px\u00a0\u00bb header_line_height=\u00a0\u00bb1.2em\u00a0\u00bb header_2_font=\u00a0\u00bbZen Kurenaido||||||||\u00a0\u00bb header_2_text_color=\u00a0\u00bb#FFFFFF\u00a0\u00bb header_2_font_size=\u00a0\u00bb58px\u00a0\u00bb background_color=\u00a0\u00bb#5591E9&Prime; text_orientation=\u00a0\u00bbcenter\u00a0\u00bb custom_margin=\u00a0\u00bb||-3px||false|false\u00a0\u00bb header_font_size_tablet=\u00a0\u00bb40px\u00a0\u00bb header_font_size_phone=\u00a0\u00bb20px\u00a0\u00bb header_font_size_last_edited=\u00a0\u00bbon|phone\u00a0\u00bb locked=\u00a0\u00bboff\u00a0\u00bb global_colors_info=\u00a0\u00bb{}\u00a0\u00bb]<\/p>\n<h1 style=\"text-align: left;\">Je d\u00e9sire obtenir une D\u00e9mo Capweb !<\/h1>\n<h2 style=\"text-align: left;\">Recevez votre lien de visualisation par mail.<\/h2>\n<p>&nbsp;<\/p>\n<p>[\/et_pb_text][et_pb_contact_form captcha=\u00a0\u00bboff\u00a0\u00bb email=\u00a0\u00bbyannick@5-pixels.fr\u00a0\u00bb submit_button_text=\u00a0\u00bbEnvoyer\u00a0\u00bb _builder_version=\u00a0\u00bb4.21.0&Prime; _module_preset=\u00a0\u00bbdefault\u00a0\u00bb form_field_background_color=\u00a0\u00bb#FFFFFF\u00a0\u00bb form_field_text_color=\u00a0\u00bb#022247&Prime; form_field_font=\u00a0\u00bbZen Kurenaido||||||||\u00a0\u00bb form_field_font_size=\u00a0\u00bb18px\u00a0\u00bb background_color=\u00a0\u00bb#5591E9&Prime; custom_button=\u00a0\u00bbon\u00a0\u00bb button_text_size=\u00a0\u00bb16px\u00a0\u00bb button_text_color=\u00a0\u00bb#ffffff\u00a0\u00bb button_bg_color=\u00a0\u00bb#ff9f47&Prime; button_border_width=\u00a0\u00bb0px\u00a0\u00bb button_border_radius=\u00a0\u00bb0px\u00a0\u00bb button_letter_spacing=\u00a0\u00bb3px\u00a0\u00bb button_font=\u00a0\u00bbZen Kurenaido|700||on|||||\u00a0\u00bb button_icon=\u00a0\u00bb&#x45;||divi||400&Prime; button_custom_padding=\u00a0\u00bb16px|20px|16px|20px|true|true\u00a0\u00bb custom_margin=\u00a0\u00bb2px|||||\u00a0\u00bb custom_padding=\u00a0\u00bb16px|||||\u00a0\u00bb hover_enabled=\u00a0\u00bb0&Prime; button_text_size_tablet=\u00a0\u00bb16px\u00a0\u00bb button_text_size_phone=\u00a0\u00bb12px\u00a0\u00bb button_text_size_last_edited=\u00a0\u00bbon|desktop\u00a0\u00bb border_radii=\u00a0\u00bboff|20px|||\u00a0\u00bb border_width_all=\u00a0\u00bb2px\u00a0\u00bb border_color_all=\u00a0\u00bb#334D5C\u00a0\u00bb global_colors_info=\u00a0\u00bb{%22gcid-98d90e25-2ae4-4d27-95a6-0d39ba22d29e%22:%91%93}\u00a0\u00bb button_bg_color__hover=\u00a0\u00bb#FFFFFF\u00a0\u00bb button_bg_color__hover_enabled=\u00a0\u00bbon|hover\u00a0\u00bb button_text_size__hover=\u00a0\u00bb16px\u00a0\u00bb button_text_size__hover_enabled=\u00a0\u00bbon|hover\u00a0\u00bb button_text_color__hover=\u00a0\u00bb#ff9f47&Prime; button_text_color__hover_enabled=\u00a0\u00bbon|desktop\u00a0\u00bb sticky_enabled=\u00a0\u00bb0&Prime;][et_pb_contact_field field_id=\u00a0\u00bbNom_Pr\u00e9nom\u00a0\u00bb field_title=\u00a0\u00bbNom et Pr\u00e9nom\u00a0\u00bb _builder_version=\u00a0\u00bb4.21.0&Prime; global_colors_info=\u00a0\u00bb{}\u00a0\u00bb button_text_size__hover_enabled=\u00a0\u00bboff\u00a0\u00bb button_one_text_size__hover_enabled=\u00a0\u00bboff\u00a0\u00bb button_two_text_size__hover_enabled=\u00a0\u00bboff\u00a0\u00bb button_text_color__hover_enabled=\u00a0\u00bboff\u00a0\u00bb button_one_text_color__hover_enabled=\u00a0\u00bboff\u00a0\u00bb button_two_text_color__hover_enabled=\u00a0\u00bboff\u00a0\u00bb button_border_width__hover_enabled=\u00a0\u00bboff\u00a0\u00bb button_one_border_width__hover_enabled=\u00a0\u00bboff\u00a0\u00bb button_two_border_width__hover_enabled=\u00a0\u00bboff\u00a0\u00bb button_border_color__hover_enabled=\u00a0\u00bboff\u00a0\u00bb button_one_border_color__hover_enabled=\u00a0\u00bboff\u00a0\u00bb button_two_border_color__hover_enabled=\u00a0\u00bboff\u00a0\u00bb button_border_radius__hover_enabled=\u00a0\u00bboff\u00a0\u00bb button_one_border_radius__hover_enabled=\u00a0\u00bboff\u00a0\u00bb button_two_border_radius__hover_enabled=\u00a0\u00bboff\u00a0\u00bb button_letter_spacing__hover_enabled=\u00a0\u00bboff\u00a0\u00bb button_one_letter_spacing__hover_enabled=\u00a0\u00bboff\u00a0\u00bb button_two_letter_spacing__hover_enabled=\u00a0\u00bboff\u00a0\u00bb button_bg_color__hover_enabled=\u00a0\u00bboff\u00a0\u00bb button_one_bg_color__hover_enabled=\u00a0\u00bboff\u00a0\u00bb button_two_bg_color__hover_enabled=\u00a0\u00bboff\u00a0\u00bb][\/et_pb_contact_field][et_pb_contact_field field_id=\u00a0\u00bbEmail\u00a0\u00bb field_title=\u00a0\u00bbAdresse mail\u00a0\u00bb field_type=\u00a0\u00bbemail\u00a0\u00bb _builder_version=\u00a0\u00bb4.21.0&Prime; global_colors_info=\u00a0\u00bb{}\u00a0\u00bb button_text_size__hover_enabled=\u00a0\u00bboff\u00a0\u00bb button_one_text_size__hover_enabled=\u00a0\u00bboff\u00a0\u00bb button_two_text_size__hover_enabled=\u00a0\u00bboff\u00a0\u00bb button_text_color__hover_enabled=\u00a0\u00bboff\u00a0\u00bb button_one_text_color__hover_enabled=\u00a0\u00bboff\u00a0\u00bb button_two_text_color__hover_enabled=\u00a0\u00bboff\u00a0\u00bb button_border_width__hover_enabled=\u00a0\u00bboff\u00a0\u00bb button_one_border_width__hover_enabled=\u00a0\u00bboff\u00a0\u00bb button_two_border_width__hover_enabled=\u00a0\u00bboff\u00a0\u00bb button_border_color__hover_enabled=\u00a0\u00bboff\u00a0\u00bb button_one_border_color__hover_enabled=\u00a0\u00bboff\u00a0\u00bb button_two_border_color__hover_enabled=\u00a0\u00bboff\u00a0\u00bb button_border_radius__hover_enabled=\u00a0\u00bboff\u00a0\u00bb button_one_border_radius__hover_enabled=\u00a0\u00bboff\u00a0\u00bb button_two_border_radius__hover_enabled=\u00a0\u00bboff\u00a0\u00bb button_letter_spacing__hover_enabled=\u00a0\u00bboff\u00a0\u00bb button_one_letter_spacing__hover_enabled=\u00a0\u00bboff\u00a0\u00bb button_two_letter_spacing__hover_enabled=\u00a0\u00bboff\u00a0\u00bb button_bg_color__hover_enabled=\u00a0\u00bboff\u00a0\u00bb button_one_bg_color__hover_enabled=\u00a0\u00bboff\u00a0\u00bb button_two_bg_color__hover_enabled=\u00a0\u00bboff\u00a0\u00bb][\/et_pb_contact_field][\/et_pb_contact_form][\/et_pb_column][\/et_pb_row][\/et_pb_section][et_pb_section fb_built=\u00a0\u00bb1&Prime; custom_padding_last_edited=\u00a0\u00bbon|phone\u00a0\u00bb admin_label=\u00a0\u00bbFooter\u00a0\u00bb _builder_version=\u00a0\u00bb4.21.0&Prime; _module_preset=\u00a0\u00bbdefault\u00a0\u00bb use_background_color_gradient=\u00a0\u00bbon\u00a0\u00bb background_color_gradient_direction=\u00a0\u00bb78deg\u00a0\u00bb background_color_gradient_stops=\u00a0\u00bb#334d5c 17%|rgba(70, 115, 171, 0.8) 32%|rgba(85,145,233,0.65) 42%|rgba(255,159,71,0.26) 48%|rgba(41,196,169,0) 61%\u00a0\u00bb background_color_gradient_overlays_image=\u00a0\u00bbon\u00a0\u00bb background_image=\u00a0\u00bbhttps:\/\/cap-ou-kpi.5-pixels.fr\/wp-content\/uploads\/2023\/07\/Cap-ou-KPI-scaled.jpg\u00a0\u00bb background_position=\u00a0\u00bbtop_center\u00a0\u00bb background_vertical_offset=\u00a0\u00bb18%\u00a0\u00bb custom_margin=\u00a0\u00bb||||false|false\u00a0\u00bb custom_padding=\u00a0\u00bb3px||3px||true|\u00a0\u00bb custom_padding_tablet=\u00a0\u00bb100px||100px||true|false\u00a0\u00bb custom_padding_phone=\u00a0\u00bb60px||60px||true|false\u00a0\u00bb animation_style=\u00a0\u00bbslide\u00a0\u00bb animation_direction=\u00a0\u00bbbottom\u00a0\u00bb animation_duration=\u00a0\u00bb600ms\u00a0\u00bb animation_intensity_slide=\u00a0\u00bb2%\u00a0\u00bb border_color_top=\u00a0\u00bb#FF9F47&Prime; saved_tabs=\u00a0\u00bball\u00a0\u00bb locked=\u00a0\u00bboff\u00a0\u00bb global_colors_info=\u00a0\u00bb{}\u00a0\u00bb][et_pb_row column_structure=\u00a0\u00bb1_3,1_3,1_3&Prime; custom_padding_last_edited=\u00a0\u00bbon|phone\u00a0\u00bb _builder_version=\u00a0\u00bb4.21.0&Prime; _module_preset=\u00a0\u00bbdefault\u00a0\u00bb background_enable_color=\u00a0\u00bboff\u00a0\u00bb background_enable_image=\u00a0\u00bboff\u00a0\u00bb width=\u00a0\u00bb90%\u00a0\u00bb max_width=\u00a0\u00bbnone\u00a0\u00bb max_width_last_edited=\u00a0\u00bboff|desktop\u00a0\u00bb custom_margin=\u00a0\u00bb-4px|auto|-4px|auto||\u00a0\u00bb custom_padding=\u00a0\u00bb0px|100px|139px|100px|false|true\u00a0\u00bb custom_padding_tablet=\u00a0\u00bb60px|60px||60px|false|true\u00a0\u00bb custom_padding_phone=\u00a0\u00bb30px|30px|10px|30px|false|true\u00a0\u00bb animation_style=\u00a0\u00bbslide\u00a0\u00bb animation_direction=\u00a0\u00bbbottom\u00a0\u00bb animation_duration=\u00a0\u00bb600ms\u00a0\u00bb animation_intensity_slide=\u00a0\u00bb10%\u00a0\u00bb hover_enabled=\u00a0\u00bb0&Prime; locked=\u00a0\u00bboff\u00a0\u00bb global_colors_info=\u00a0\u00bb{}\u00a0\u00bb sticky_enabled=\u00a0\u00bb0&Prime;][et_pb_column type=\u00a0\u00bb1_3&Prime; _builder_version=\u00a0\u00bb4.16&Prime; _module_preset=\u00a0\u00bbdefault\u00a0\u00bb global_colors_info=\u00a0\u00bb{}\u00a0\u00bb][\/et_pb_column][et_pb_column type=\u00a0\u00bb1_3&Prime; _builder_version=\u00a0\u00bb4.16&Prime; _module_preset=\u00a0\u00bbdefault\u00a0\u00bb global_colors_info=\u00a0\u00bb{}\u00a0\u00bb][\/et_pb_column][et_pb_column type=\u00a0\u00bb1_3&Prime; _builder_version=\u00a0\u00bb4.21.0&Prime; _module_preset=\u00a0\u00bbdefault\u00a0\u00bb background_color=\u00a0\u00bb#334D5C\u00a0\u00bb global_colors_info=\u00a0\u00bb{}\u00a0\u00bb][et_pb_text _builder_version=\u00a0\u00bb4.21.0&Prime; _module_preset=\u00a0\u00bb8e8d9bcd-685d-4329-882b-a86608a6c40b\u00a0\u00bb header_font=\u00a0\u00bbZen Kurenaido||||||||\u00a0\u00bb header_text_color=\u00a0\u00bb#FFFFFF\u00a0\u00bb header_font_size=\u00a0\u00bb80px\u00a0\u00bb header_line_height=\u00a0\u00bb1.5em\u00a0\u00bb header_2_font=\u00a0\u00bbZen Kurenaido||||||||\u00a0\u00bb header_2_text_align=\u00a0\u00bbleft\u00a0\u00bb header_2_text_color=\u00a0\u00bb#FFFFFF\u00a0\u00bb header_2_font_size=\u00a0\u00bb42px\u00a0\u00bb header_2_line_height=\u00a0\u00bb1.1em\u00a0\u00bb text_orientation=\u00a0\u00bbcenter\u00a0\u00bb width=\u00a0\u00bb80%\u00a0\u00bb module_alignment=\u00a0\u00bbcenter\u00a0\u00bb custom_margin=\u00a0\u00bb||11px||false|false\u00a0\u00bb custom_padding=\u00a0\u00bb23px|||||\u00a0\u00bb hover_enabled=\u00a0\u00bb0&Prime; header_font_size_tablet=\u00a0\u00bb40px\u00a0\u00bb header_font_size_phone=\u00a0\u00bb20px\u00a0\u00bb header_font_size_last_edited=\u00a0\u00bbon|phone\u00a0\u00bb global_colors_info=\u00a0\u00bb{}\u00a0\u00bb sticky_enabled=\u00a0\u00bb0&Prime;]<\/p>\n<h2>Commencez l&rsquo;aventure de la Data Analyse avec<\/h2>\n<p>[\/et_pb_text][et_pb_image src=\u00a0\u00bbhttps:\/\/cap-ou-kpi.5-pixels.fr\/wp-content\/uploads\/2023\/07\/cap-web-blanc.png\u00a0\u00bb title_text=\u00a0\u00bbcap web-blanc\u00a0\u00bb _builder_version=\u00a0\u00bb4.21.0&Prime; _module_preset=\u00a0\u00bbdefault\u00a0\u00bb width=\u00a0\u00bb62%\u00a0\u00bb module_alignment=\u00a0\u00bbcenter\u00a0\u00bb custom_padding=\u00a0\u00bb||4px|||\u00a0\u00bb global_colors_info=\u00a0\u00bb{}\u00a0\u00bb][\/et_pb_image][\/et_pb_column][\/et_pb_row][\/et_pb_section]<\/p>\n","protected":false},"excerpt":{"rendered":"<p>Je d\u00e9sire obtenir une D\u00e9mo Capweb ! Recevez votre lien de visualisation par mail. &nbsp;Commencez l&rsquo;aventure de la Data Analyse avec<\/p>\n","protected":false},"author":3,"featured_media":119,"parent":0,"menu_order":0,"comment_status":"closed","ping_status":"closed","template":"","meta":{"_et_pb_use_builder":"on","_et_pb_old_content":"","_et_gb_content_width":"","footnotes":""},"class_list":["post-118","page","type-page","status-publish","has-post-thumbnail","hentry"],"yoast_head":"<!-- This site is optimized with the Yoast SEO plugin v20.11 - https:\/\/yoast.com\/wordpress\/plugins\/seo\/ -->\n<title>Recevoir une d\u00e9monstration - CAP ou KPI : Data Analize<\/title>\n<meta name=\"description\" content=\"Vous-d\u00e9sirez recevoir une d\u00e9monstration de l&#039;outil de Data Analyse Capweb ? Remplissez notre formulaire de demande et recevez la par mail.\" \/>\n<meta name=\"robots\" content=\"index, follow, max-snippet:-1, max-image-preview:large, max-video-preview:-1\" \/>\n<link rel=\"canonical\" href=\"https:\/\/cap-ou-kpi.5-pixels.fr\/index.php\/recevoir-une-demonstration\/\" \/>\n<meta property=\"og:locale\" content=\"fr_FR\" \/>\n<meta property=\"og:type\" content=\"article\" \/>\n<meta property=\"og:title\" content=\"Recevoir une d\u00e9monstration de Capweb\" \/>\n<meta property=\"og:description\" content=\"Vous-d\u00e9sirez recevoir une d\u00e9monstration de l&#039;outil de Data Analyse Capweb ? Remplissez notre formulaire de demande et recevez la par mail.\" \/>\n<meta property=\"og:url\" content=\"https:\/\/cap-ou-kpi.5-pixels.fr\/index.php\/recevoir-une-demonstration\/\" \/>\n<meta property=\"og:site_name\" content=\"CAP ou KPI : Data Analize\" \/>\n<meta property=\"article:modified_time\" content=\"2023-08-25T14:19:07+00:00\" \/>\n<meta property=\"og:image\" content=\"https:\/\/cap-ou-kpi.5-pixels.fr\/wp-content\/uploads\/2023\/08\/Capweb-outil-de-data-analyse-demonstration.jpg\" \/>\n\t<meta property=\"og:image:width\" content=\"1400\" \/>\n\t<meta property=\"og:image:height\" content=\"1048\" \/>\n\t<meta property=\"og:image:type\" content=\"image\/jpeg\" \/>\n<meta name=\"twitter:card\" content=\"summary_large_image\" \/>\n<meta name=\"twitter:title\" content=\"Recevoir une d\u00e9monstration de Capweb\" \/>\n<meta name=\"twitter:description\" content=\"Vous-d\u00e9sirez recevoir une d\u00e9monstration de l&#039;outil de Data Analyse Capweb ? Remplissez notre formulaire de demande et recevez la par mail.\" \/>\n<meta name=\"twitter:image\" content=\"https:\/\/cap-ou-kpi.5-pixels.fr\/wp-content\/uploads\/2023\/08\/Capweb-outil-de-data-analyse-demonstration.jpg\" \/>\n<script type=\"application\/ld+json\" class=\"yoast-schema-graph\">{\"@context\":\"https:\/\/schema.org\",\"@graph\":[{\"@type\":\"WebPage\",\"@id\":\"https:\/\/cap-ou-kpi.5-pixels.fr\/index.php\/recevoir-une-demonstration\/\",\"url\":\"https:\/\/cap-ou-kpi.5-pixels.fr\/index.php\/recevoir-une-demonstration\/\",\"name\":\"Recevoir une d\u00e9monstration - CAP ou KPI : Data Analize\",\"isPartOf\":{\"@id\":\"https:\/\/cap-ou-kpi.5-pixels.fr\/#website\"},\"datePublished\":\"2023-08-23T11:50:28+00:00\",\"dateModified\":\"2023-08-25T14:19:07+00:00\",\"description\":\"Vous-d\u00e9sirez recevoir une d\u00e9monstration de l'outil de Data Analyse Capweb ? Remplissez notre formulaire de demande et recevez la par mail.\",\"breadcrumb\":{\"@id\":\"https:\/\/cap-ou-kpi.5-pixels.fr\/index.php\/recevoir-une-demonstration\/#breadcrumb\"},\"inLanguage\":\"fr-FR\",\"potentialAction\":[{\"@type\":\"ReadAction\",\"target\":[\"https:\/\/cap-ou-kpi.5-pixels.fr\/index.php\/recevoir-une-demonstration\/\"]}]},{\"@type\":\"BreadcrumbList\",\"@id\":\"https:\/\/cap-ou-kpi.5-pixels.fr\/index.php\/recevoir-une-demonstration\/#breadcrumb\",\"itemListElement\":[{\"@type\":\"ListItem\",\"position\":1,\"name\":\"Accueil\",\"item\":\"https:\/\/cap-ou-kpi.5-pixels.fr\/\"},{\"@type\":\"ListItem\",\"position\":2,\"name\":\"Recevoir une d\u00e9monstration\"}]},{\"@type\":\"WebSite\",\"@id\":\"https:\/\/cap-ou-kpi.5-pixels.fr\/#website\",\"url\":\"https:\/\/cap-ou-kpi.5-pixels.fr\/\",\"name\":\"CAP ou KPI : Data Analize\",\"description\":\"Un site utilisant WordPress\",\"potentialAction\":[{\"@type\":\"SearchAction\",\"target\":{\"@type\":\"EntryPoint\",\"urlTemplate\":\"https:\/\/cap-ou-kpi.5-pixels.fr\/?s={search_term_string}\"},\"query-input\":\"required name=search_term_string\"}],\"inLanguage\":\"fr-FR\"}]}<\/script>\n<!-- \/ Yoast SEO plugin. -->","yoast_head_json":{"title":"Recevoir une d\u00e9monstration - CAP ou KPI : Data Analize","description":"Vous-d\u00e9sirez recevoir une d\u00e9monstration de l'outil de Data Analyse Capweb ? Remplissez notre formulaire de demande et recevez la par mail.","robots":{"index":"index","follow":"follow","max-snippet":"max-snippet:-1","max-image-preview":"max-image-preview:large","max-video-preview":"max-video-preview:-1"},"canonical":"https:\/\/cap-ou-kpi.5-pixels.fr\/index.php\/recevoir-une-demonstration\/","og_locale":"fr_FR","og_type":"article","og_title":"Recevoir une d\u00e9monstration de Capweb","og_description":"Vous-d\u00e9sirez recevoir une d\u00e9monstration de l'outil de Data Analyse Capweb ? Remplissez notre formulaire de demande et recevez la par mail.","og_url":"https:\/\/cap-ou-kpi.5-pixels.fr\/index.php\/recevoir-une-demonstration\/","og_site_name":"CAP ou KPI : Data Analize","article_modified_time":"2023-08-25T14:19:07+00:00","og_image":[{"width":1400,"height":1048,"url":"https:\/\/cap-ou-kpi.5-pixels.fr\/wp-content\/uploads\/2023\/08\/Capweb-outil-de-data-analyse-demonstration.jpg","type":"image\/jpeg"}],"twitter_card":"summary_large_image","twitter_title":"Recevoir une d\u00e9monstration de Capweb","twitter_description":"Vous-d\u00e9sirez recevoir une d\u00e9monstration de l'outil de Data Analyse Capweb ? Remplissez notre formulaire de demande et recevez la par mail.","twitter_image":"https:\/\/cap-ou-kpi.5-pixels.fr\/wp-content\/uploads\/2023\/08\/Capweb-outil-de-data-analyse-demonstration.jpg","schema":{"@context":"https:\/\/schema.org","@graph":[{"@type":"WebPage","@id":"https:\/\/cap-ou-kpi.5-pixels.fr\/index.php\/recevoir-une-demonstration\/","url":"https:\/\/cap-ou-kpi.5-pixels.fr\/index.php\/recevoir-une-demonstration\/","name":"Recevoir une d\u00e9monstration - CAP ou KPI : Data Analize","isPartOf":{"@id":"https:\/\/cap-ou-kpi.5-pixels.fr\/#website"},"datePublished":"2023-08-23T11:50:28+00:00","dateModified":"2023-08-25T14:19:07+00:00","description":"Vous-d\u00e9sirez recevoir une d\u00e9monstration de l'outil de Data Analyse Capweb ? Remplissez notre formulaire de demande et recevez la par mail.","breadcrumb":{"@id":"https:\/\/cap-ou-kpi.5-pixels.fr\/index.php\/recevoir-une-demonstration\/#breadcrumb"},"inLanguage":"fr-FR","potentialAction":[{"@type":"ReadAction","target":["https:\/\/cap-ou-kpi.5-pixels.fr\/index.php\/recevoir-une-demonstration\/"]}]},{"@type":"BreadcrumbList","@id":"https:\/\/cap-ou-kpi.5-pixels.fr\/index.php\/recevoir-une-demonstration\/#breadcrumb","itemListElement":[{"@type":"ListItem","position":1,"name":"Accueil","item":"https:\/\/cap-ou-kpi.5-pixels.fr\/"},{"@type":"ListItem","position":2,"name":"Recevoir une d\u00e9monstration"}]},{"@type":"WebSite","@id":"https:\/\/cap-ou-kpi.5-pixels.fr\/#website","url":"https:\/\/cap-ou-kpi.5-pixels.fr\/","name":"CAP ou KPI : Data Analize","description":"Un site utilisant WordPress","potentialAction":[{"@type":"SearchAction","target":{"@type":"EntryPoint","urlTemplate":"https:\/\/cap-ou-kpi.5-pixels.fr\/?s={search_term_string}"},"query-input":"required name=search_term_string"}],"inLanguage":"fr-FR"}]}},"_links":{"self":[{"href":"https:\/\/cap-ou-kpi.5-pixels.fr\/index.php\/wp-json\/wp\/v2\/pages\/118","targetHints":{"allow":["GET"]}}],"collection":[{"href":"https:\/\/cap-ou-kpi.5-pixels.fr\/index.php\/wp-json\/wp\/v2\/pages"}],"about":[{"href":"https:\/\/cap-ou-kpi.5-pixels.fr\/index.php\/wp-json\/wp\/v2\/types\/page"}],"author":[{"embeddable":true,"href":"https:\/\/cap-ou-kpi.5-pixels.fr\/index.php\/wp-json\/wp\/v2\/users\/3"}],"replies":[{"embeddable":true,"href":"https:\/\/cap-ou-kpi.5-pixels.fr\/index.php\/wp-json\/wp\/v2\/comments?post=118"}],"version-history":[{"count":9,"href":"https:\/\/cap-ou-kpi.5-pixels.fr\/index.php\/wp-json\/wp\/v2\/pages\/118\/revisions"}],"predecessor-version":[{"id":144,"href":"https:\/\/cap-ou-kpi.5-pixels.fr\/index.php\/wp-json\/wp\/v2\/pages\/118\/revisions\/144"}],"wp:featuredmedia":[{"embeddable":true,"href":"https:\/\/cap-ou-kpi.5-pixels.fr\/index.php\/wp-json\/wp\/v2\/media\/119"}],"wp:attachment":[{"href":"https:\/\/cap-ou-kpi.5-pixels.fr\/index.php\/wp-json\/wp\/v2\/media?parent=118"}],"curies":[{"name":"wp","href":"https:\/\/api.w.org\/{rel}","templated":true}]}}